{"id":1062,"date":"2025-03-25T14:56:39","date_gmt":"2025-03-25T14:56:39","guid":{"rendered":"https:\/\/psp-srl.sviluppokeyweb.com\/compatibilita\/"},"modified":"2026-02-03T13:11:14","modified_gmt":"2026-02-03T13:11:14","slug":"compatibilita","status":"publish","type":"page","link":"https:\/\/psp-srl.sviluppokeyweb.com\/en\/compatibilita\/","title":{"rendered":"Compatibilit\u00e0"},"content":{"rendered":"<p>[et_pb_section fb_built=&#8221;1&#8243; _builder_version=&#8221;4.27.4&#8243; _module_preset=&#8221;default&#8221; background_enable_color=&#8221;off&#8221; use_background_color_gradient=&#8221;on&#8221; background_color_gradient_direction=&#8221;142deg&#8221; background_color_gradient_stops=&#8221;#000000 0%|rgba(255,255,255,0) 98%&#8221; background_image=&#8221;https:\/\/psp-srl.sviluppokeyweb.com\/wp-content\/uploads\/2025\/03\/1920x1200_1050575689.jpg&#8221; background_blend=&#8221;multiply&#8221; custom_padding=&#8221;10px||0px||false|false&#8221; background_last_edited=&#8221;off|desktop&#8221; use_background_color_gradient_tablet=&#8221;on&#8221; use_background_color_gradient_phone=&#8221;on&#8221; background_color_gradient_direction_phone=&#8221;119deg&#8221; background_color_gradient_stops_tablet=&#8221;#0a0a0a 0%|rgba(255,255,255,0) 86%&#8221; background_color_gradient_stops_phone=&#8221;#0a0a0a 0%|rgba(255,255,255,0) 100%&#8221; border_color_top=&#8221;#000000&#8243; border_color_bottom=&#8221;#000000&#8243; global_module=&#8221;336&#8243; saved_tabs=&#8221;all&#8221; global_colors_info=&#8221;{}&#8221;][et_pb_row use_custom_gutter=&#8221;on&#8221; gutter_width=&#8221;2&#8243; make_equal=&#8221;on&#8221; _builder_version=&#8221;4.27.4&#8243; _module_preset=&#8221;default&#8221; width=&#8221;90%&#8221; max_width=&#8221;90%&#8221; custom_padding=&#8221;||40px||false|false&#8221; custom_css_main_element=&#8221;text-align:center;&#8221; global_colors_info=&#8221;{}&#8221;][et_pb_column type=&#8221;4_4&#8243; _builder_version=&#8221;4.27.4&#8243; _module_preset=&#8221;default&#8221; animation_style=&#8221;slide&#8221; animation_direction=&#8221;bottom&#8221; animation_duration=&#8221;700ms&#8221; animation_intensity_slide=&#8221;8%&#8221; global_colors_info=&#8221;{}&#8221;][et_pb_text _builder_version=&#8221;4.27.4&#8243; _dynamic_attributes=&#8221;content&#8221; _module_preset=&#8221;default&#8221; text_font=&#8221;Space Grotesk||||||||&#8221; text_text_color=&#8221;#000000&#8243; text_font_size=&#8221;25px&#8221; header_3_font=&#8221;Manrope|700||on|||||&#8221; header_3_text_color=&#8221;#FFFFFF&#8221; header_3_font_size=&#8221;1.5rem&#8221; custom_margin=&#8221;10px||10px||false|false&#8221; animation_style=&#8221;slide&#8221; animation_direction=&#8221;bottom&#8221; animation_delay=&#8221;150ms&#8221; animation_intensity_slide=&#8221;5%&#8221; animation_speed_curve=&#8221;ease&#8221; global_colors_info=&#8221;{}&#8221;]@ET-DC@eyJkeW5hbWljIjp0cnVlLCJjb250ZW50IjoicG9zdF90aXRsZSIsInNldHRpbmdzIjp7ImJlZm9yZSI6IjxoMz4iLCJhZnRlciI6IjwvaDM+In19@[\/et_pb_text][dipi_breadcrumbs bc_custom_home=&#8221;on&#8221; bc_home_text=&#8221;Home&#8221; bc_home_url=&#8221;\/&#8221; bc_home_icon=&#8221;on&#8221; bc_schema=&#8221;on&#8221; bc_separator_color=&#8221;#FFFFFF&#8221; bc_item_bg_color=&#8221;RGBA(255,255,255,0)&#8221; bc_active_item_color=&#8221;RGBA(255,255,255,0)&#8221; _builder_version=&#8221;4.27.4&#8243; _module_preset=&#8221;default&#8221; items_font=&#8221;Manrope|600||on|||||&#8221; items_text_color=&#8221;#FFFFFF&#8221; items_font_size=&#8221;14px&#8221; active_font=&#8221;Manrope|600||on|||||&#8221; active_text_color=&#8221;#FFFFFF&#8221; active_font_size=&#8221;14px&#8221; animation_style=&#8221;slide&#8221; animation_direction=&#8221;bottom&#8221; animation_delay=&#8221;150ms&#8221; animation_intensity_slide=&#8221;5%&#8221; animation_speed_curve=&#8221;ease&#8221; border_radii_items=&#8221;on|10px|10px|10px|10px&#8221; border_radii_active=&#8221;on|10px|10px|10px|10px&#8221; global_colors_info=&#8221;{}&#8221;][\/dipi_breadcrumbs][\/et_pb_column][\/et_pb_row][\/et_pb_section][et_pb_section fb_built=&#8221;1&#8243; custom_padding_last_edited=&#8221;off|phone&#8221; _builder_version=&#8221;4.27.4&#8243; _module_preset=&#8221;default&#8221; background_color=&#8221;#f4f4f4&#8243; custom_margin=&#8221;0px||0px||false|false&#8221; custom_padding=&#8221;60px||60px||true|false&#8221; custom_padding_tablet=&#8221;1px||0px||false|false&#8221; custom_padding_phone=&#8221;1px||0px||false|false&#8221; global_colors_info=&#8221;{}&#8221;][et_pb_row column_structure=&#8221;1_3,2_3&#8243; use_custom_gutter=&#8221;on&#8221; gutter_width=&#8221;2&#8243; make_equal=&#8221;on&#8221; _builder_version=&#8221;4.27.4&#8243; _module_preset=&#8221;default&#8221; background_enable_color=&#8221;off&#8221; width=&#8221;90%&#8221; max_width=&#8221;2400px&#8221; custom_margin_tablet=&#8221;0px||100px||false|false&#8221; custom_margin_phone=&#8221;||60px||false|false&#8221; custom_margin_last_edited=&#8221;off|desktop&#8221; locked=&#8221;off&#8221; global_colors_info=&#8221;{}&#8221;][et_pb_column type=&#8221;1_3&#8243; _builder_version=&#8221;4.27.4&#8243; _module_preset=&#8221;default&#8221; animation_style=&#8221;slide&#8221; animation_direction=&#8221;bottom&#8221; animation_delay=&#8221;150ms&#8221; animation_intensity_slide=&#8221;5%&#8221; animation_speed_curve=&#8221;ease&#8221; global_colors_info=&#8221;{}&#8221; custom_css_main_element_last_edited=&#8221;off|desktop&#8221; custom_css_main_element_tablet=&#8221;  &#8221; custom_css_main_element_phone=&#8221; &#8220;][et_pb_text _builder_version=&#8221;4.27.4&#8243; _module_preset=&#8221;default&#8221; header_font=&#8221;Manrope|700||on|||||&#8221; header_text_color=&#8221;#000000&#8243; header_font_size=&#8221;2.8rem&#8221; header_2_font=&#8221;DM Sans|700||on|||||&#8221; header_2_text_align=&#8221;left&#8221; header_2_text_color=&#8221;#09071d&#8221; header_2_font_size=&#8221;45px&#8221; header_2_line_height=&#8221;1.2em&#8221; background_enable_color=&#8221;off&#8221; max_width=&#8221;710px&#8221; header_font_size_tablet=&#8221;2.5rem&#8221; header_font_size_phone=&#8221;2.1rem&#8221; header_font_size_last_edited=&#8221;on|desktop&#8221; header_2_font_size_tablet=&#8221;45px&#8221; header_2_font_size_phone=&#8221;30px&#8221; header_2_font_size_last_edited=&#8221;on|phone&#8221; custom_css_main_element=&#8221;backdrop-filter: blur(5px);||-webkit-backdrop-filter: blur(5px);&#8221; global_colors_info=&#8221;{}&#8221;]<\/p>\n<h1>Compatibilit\u00e0 e integrazione per un servizio sicuro<\/h1>\n<p>[\/et_pb_text][\/et_pb_column][et_pb_column type=&#8221;2_3&#8243; _builder_version=&#8221;4.24.2&#8243; _module_preset=&#8221;default&#8221; animation_style=&#8221;slide&#8221; animation_direction=&#8221;bottom&#8221; animation_delay=&#8221;150ms&#8221; animation_intensity_slide=&#8221;5%&#8221; animation_speed_curve=&#8221;ease&#8221; custom_css_main_element=&#8221;margin:auto;&#8221; global_colors_info=&#8221;{}&#8221; custom_css_main_element_tablet=&#8221; &#8221; custom_css_main_element_phone=&#8221; &#8221; custom_css_main_element_last_edited=&#8221;on|tablet&#8221;][et_pb_text _builder_version=&#8221;4.27.4&#8243; _module_preset=&#8221;default&#8221; text_font=&#8221;Manrope||||||||&#8221; text_text_color=&#8221;#474747&#8243; text_font_size=&#8221;16px&#8221; text_line_height=&#8221;1.6em&#8221; custom_margin=&#8221;0px||0px||true|false&#8221; custom_padding=&#8221;0px||0px||false|false&#8221; animation_style=&#8221;slide&#8221; animation_direction=&#8221;bottom&#8221; animation_delay=&#8221;150ms&#8221; animation_intensity_slide=&#8221;5%&#8221; animation_speed_curve=&#8221;ease&#8221; global_colors_info=&#8221;{}&#8221;]<\/p>\n<p>Il sistema proposto da PSP srl <strong>compatibile<\/strong> <strong>con le principali soluzioni gi\u00e0 esistenti sul mercato.<\/strong><\/p>\n<p>L\u2019obiettivo \u00e8 quello di facilitare <strong>l\u2019integrazione con gli impianti preesistenti<\/strong> e grazie all\u2019attenta e precisa progettazione e a soluzioni tecniche e versatili, il nostro sistema \u00e8 facilmente adottabile in contesti svariati, sempre <strong>mantenendo sicurezza e affidabilit\u00e0. <\/strong><\/p>\n<p>Per maggiori dettagli tecnici, legali e normativi mettiamo a disposizione un <strong>documento informativo in grado di garantire la totale sicurezza nell\u2019installazione anche in caso di abbinamento di materiali di altri produttori con quelli di PSP<\/strong>. Il nostro compito \u00e8 quello di <strong>aiutare il professionista con soluzioni e informazioni sicure, applicabili in qualsiasi contesto si possa trovare durante l\u2019installazione dei prodotti e sistemi PSP.<\/strong><\/p>\n<p><strong>Contattaci per avere maggior informazioni, ti forniremo un servizio di qualit\u00e0 capace di soddisfare le tue richieste produttive in tutta Italia e all\u2019estero.<\/strong><\/p>\n<p>[\/et_pb_text][et_pb_button button_url=&#8221;https:\/\/psp-srl.sviluppokeyweb.com\/wp-content\/uploads\/2025\/06\/ATTESTAZIONEDICOMPATIBILITAEIDONEITATUBICSSTPSP.pdf&#8221; url_new_window=&#8221;on&#8221; button_text=&#8221;Scarica PDF&#8221; button_alignment=&#8221;left&#8221; disabled_on=&#8221;off|off|off&#8221; _builder_version=&#8221;4.27.4&#8243; _module_preset=&#8221;default&#8221; custom_button=&#8221;on&#8221; button_text_size=&#8221;16px&#8221; button_text_color=&#8221;#FFFFFF&#8221; button_bg_color=&#8221;#828282&#8243; button_border_width=&#8221;0px&#8221; button_border_color=&#8221;#FFFFFF&#8221; button_border_radius=&#8221;30px&#8221; button_font=&#8221;Manrope|700|||||||&#8221; button_icon=&#8221;&#xe03a;||divi||400&#8243; button_on_hover=&#8221;off&#8221; custom_margin=&#8221;30px||||false|false&#8221; custom_margin_tablet=&#8221;0px|40px|0px|0px|false|false&#8221; custom_margin_phone=&#8221;0px|30px|30px|0px|false|false&#8221; custom_margin_last_edited=&#8221;off|desktop&#8221; custom_padding=&#8221;15px|55px|15px|35px|false|false&#8221; animation_style=&#8221;slide&#8221; animation_direction=&#8221;left&#8221; animation_delay=&#8221;900ms&#8221; animation_intensity_slide=&#8221;5%&#8221; animation_speed_curve=&#8221;ease&#8221; hover_enabled=&#8221;0&#8243; locked=&#8221;off&#8221; global_colors_info=&#8221;{}&#8221; button_bg_color__hover_enabled=&#8221;on|desktop&#8221; button_bg_color__hover=&#8221;#5C5C5B&#8221; button_bg_enable_color__hover=&#8221;on&#8221; button_text_color__hover_enabled=&#8221;on|hover&#8221; button_text_color__hover=&#8221;#FFFFFF&#8221; button_letter_spacing__hover_enabled=&#8221;on|hover&#8221; button_letter_spacing__hover=&#8221;0px&#8221; sticky_enabled=&#8221;0&#8243;][\/et_pb_button][\/et_pb_column][\/et_pb_row][\/et_pb_section][et_pb_section fb_built=&#8221;1&#8243; custom_padding_last_edited=&#8221;on|desktop&#8221; _builder_version=&#8221;4.27.4&#8243; _module_preset=&#8221;default&#8221; background_color=&#8221;rgba(255,255,255,0.18)&#8221; use_background_color_gradient=&#8221;on&#8221; background_color_gradient_stops=&#8221;#828282 0%|#ffffff 99%&#8221; background_image=&#8221;https:\/\/psp-srl.sviluppokeyweb.com\/wp-content\/uploads\/2025\/03\/1920x1200_1191095846.jpg&#8221; background_blend=&#8221;screen&#8221; custom_margin=&#8221;0px||0px||false|false&#8221; custom_padding=&#8221;80px||80px||true|false&#8221; custom_padding_tablet=&#8221;40px||40px||true|false&#8221; custom_padding_phone=&#8221;40px||40px||true|false&#8221; border_width_top=&#8221;10px&#8221; border_color_top=&#8221;#FFFFFF&#8221; global_module=&#8221;323&#8243; saved_tabs=&#8221;all&#8221; global_colors_info=&#8221;{}&#8221;][et_pb_row column_structure=&#8221;1_3,2_3&#8243; use_custom_gutter=&#8221;on&#8221; gutter_width=&#8221;2&#8243; make_equal=&#8221;on&#8221; _builder_version=&#8221;4.27.4&#8243; _module_preset=&#8221;default&#8221; width=&#8221;90%&#8221; max_width=&#8221;90%&#8221; custom_padding=&#8221;||40px||false|false&#8221; global_colors_info=&#8221;{}&#8221;][et_pb_column type=&#8221;1_3&#8243; _builder_version=&#8221;4.27.4&#8243; _module_preset=&#8221;default&#8221; custom_padding=&#8221;30px|20px|30px|20px|true|true&#8221; animation_style=&#8221;slide&#8221; animation_direction=&#8221;bottom&#8221; animation_delay=&#8221;150ms&#8221; animation_intensity_slide=&#8221;5%&#8221; animation_speed_curve=&#8221;ease&#8221; custom_css_main_element=&#8221;background: rgba(114, 114, 114, 0.95);||border-radius:30px;||||backdrop-filter: blur(13.6px);||-webkit-backdrop-filter: blur(13.6px);||border: 1px solid rgba(255, 255, 255, 0.3);&#8221; global_colors_info=&#8221;{}&#8221;][et_pb_text _builder_version=&#8221;4.27.4&#8243; _module_preset=&#8221;default&#8221; header_2_font=&#8221;Manrope|700||on|||||&#8221; header_2_text_align=&#8221;left&#8221; header_2_text_color=&#8221;#FFFFFF&#8221; header_2_font_size=&#8221;2.3rem&#8221; header_2_line_height=&#8221;1.2em&#8221; animation_style=&#8221;slide&#8221; animation_direction=&#8221;bottom&#8221; animation_delay=&#8221;150ms&#8221; animation_intensity_slide=&#8221;5%&#8221; animation_speed_curve=&#8221;ease&#8221; header_2_font_size_tablet=&#8221;2.1rem&#8221; header_2_font_size_phone=&#8221;1.7rem&#8221; header_2_font_size_last_edited=&#8221;on|desktop&#8221; locked=&#8221;off&#8221; global_colors_info=&#8221;{}&#8221;]<\/p>\n<h2>Contattaci<\/h2>\n<p>[\/et_pb_text][et_pb_text _builder_version=&#8221;4.27.4&#8243; _module_preset=&#8221;default&#8221; text_font=&#8221;Manrope||||||||&#8221; text_text_color=&#8221;#FFFFFF&#8221; text_font_size=&#8221;16px&#8221; text_line_height=&#8221;1.6em&#8221; custom_margin=&#8221;0px||30px||false|false&#8221; custom_padding=&#8221;0px||0px||false|false&#8221; animation_style=&#8221;slide&#8221; animation_direction=&#8221;bottom&#8221; animation_delay=&#8221;150ms&#8221; animation_intensity_slide=&#8221;5%&#8221; animation_speed_curve=&#8221;ease&#8221; global_colors_info=&#8221;{}&#8221;]<\/p>\n<p>PSP \u00e8 al fianco di produttori e grossisti con soluzioni tecniche affidabili e sicure per il settore termoidraulico ed energetico.<\/p>\n<p>Contattaci per ricevere assistenza e conoscere al meglio i nostri prodotti: garantiamo spedizioni rapide su tutto il territorio nazionale.<\/p>\n<p>[\/et_pb_text][et_pb_blurb title=&#8221;TELEFONO&#8221; use_icon=&#8221;on&#8221; font_icon=&#8221;&#xe090;||divi||400&#8243; icon_color=&#8221;#FFFFFF&#8221; image_icon_background_color=&#8221;#5C5C5B&#8221; icon_placement=&#8221;left&#8221; image_icon_width=&#8221;1.5rem&#8221; _builder_version=&#8221;4.27.4&#8243; _module_preset=&#8221;default&#8221; header_font=&#8221;Manrope|700|||||||&#8221; header_text_color=&#8221;#FFFFFF&#8221; body_font=&#8221;Manrope||||||||&#8221; body_text_color=&#8221;#FFFFFF&#8221; image_icon_custom_padding=&#8221;10px|10px|10px|10px|true|true&#8221; animation_style=&#8221;slide&#8221; animation_direction=&#8221;bottom&#8221; animation_delay=&#8221;150ms&#8221; animation_intensity_slide=&#8221;5%&#8221; animation_speed_curve=&#8221;ease&#8221; animation=&#8221;off&#8221; border_radii_image=&#8221;on|30px|30px|30px|30px&#8221; global_colors_info=&#8221;{}&#8221;]<\/p>\n<p><span style=\"text-decoration: underline; color: #ffffff;\"><a href=\"+390221116151\" style=\"color: #ffffff; text-decoration: underline;\">02 21116151<\/a><\/span><\/p>\n<p>[\/et_pb_blurb][et_pb_blurb title=&#8221;EMAIL&#8221; use_icon=&#8221;on&#8221; font_icon=&#8221;&#xf2b6;||fa||900&#8243; icon_color=&#8221;#FFFFFF&#8221; image_icon_background_color=&#8221;#5C5C5B&#8221; icon_placement=&#8221;left&#8221; image_icon_width=&#8221;1.5rem&#8221; _builder_version=&#8221;4.27.4&#8243; _module_preset=&#8221;default&#8221; header_font=&#8221;Manrope|700|||||||&#8221; header_text_color=&#8221;#FFFFFF&#8221; body_font=&#8221;Manrope||||||||&#8221; body_text_color=&#8221;#FFFFFF&#8221; image_icon_custom_padding=&#8221;10px|10px|10px|10px|true|true&#8221; animation_style=&#8221;slide&#8221; animation_direction=&#8221;bottom&#8221; animation_delay=&#8221;150ms&#8221; animation_intensity_slide=&#8221;5%&#8221; animation_speed_curve=&#8221;ease&#8221; animation=&#8221;off&#8221; border_radii_image=&#8221;on|30px|30px|30px|30px&#8221; global_colors_info=&#8221;{}&#8221;]<\/p>\n<p><span style=\"text-decoration: underline;\"><span style=\"color: #ffffff;\"><a href=\"mailto:psp@psp-srl.com\" style=\"color: #ffffff; text-decoration: underline;\">psp@psp-srl.com<\/a><\/span><\/span><\/p>\n<p>[\/et_pb_blurb][et_pb_blurb title=&#8221;SEDE&#8221; use_icon=&#8221;on&#8221; font_icon=&#8221;&#xe081;||divi||400&#8243; icon_color=&#8221;#FFFFFF&#8221; image_icon_background_color=&#8221;#5C5C5B&#8221; icon_placement=&#8221;left&#8221; image_icon_width=&#8221;1.5rem&#8221; _builder_version=&#8221;4.27.4&#8243; _module_preset=&#8221;default&#8221; header_font=&#8221;Manrope|700|||||||&#8221; header_text_color=&#8221;#FFFFFF&#8221; body_font=&#8221;Manrope||||||||&#8221; body_text_color=&#8221;#FFFFFF&#8221; image_icon_custom_padding=&#8221;10px|10px|10px|10px|true|true&#8221; animation_style=&#8221;slide&#8221; animation_direction=&#8221;bottom&#8221; animation_delay=&#8221;150ms&#8221; animation_intensity_slide=&#8221;5%&#8221; animation_speed_curve=&#8221;ease&#8221; animation=&#8221;off&#8221; border_radii_image=&#8221;on|30px|30px|30px|30px&#8221; global_colors_info=&#8221;{}&#8221;]<\/p>\n<p><a href=\"https:\/\/maps.app.goo.gl\/9BqwhArpg985QYVc9\" target=\"_blank\" rel=\"noopener\"><span style=\"text-decoration: underline;\"><span style=\"color: #ffffff; text-decoration: underline;\">Via Leonardo da Vinci 41\/A -20094 Corsico (MI)<\/span><\/span><\/a><\/p>\n<p>[\/et_pb_blurb][\/et_pb_column][et_pb_column type=&#8221;2_3&#8243; _builder_version=&#8221;4.27.4&#8243; _module_preset=&#8221;default&#8221; custom_padding=&#8221;30px|20px|30px|20px|true|true&#8221; animation_style=&#8221;slide&#8221; animation_direction=&#8221;bottom&#8221; animation_delay=&#8221;150ms&#8221; animation_intensity_slide=&#8221;5%&#8221; animation_speed_curve=&#8221;ease&#8221; custom_css_main_element=&#8221;background: rgba(114, 114, 114, 0.95);||border-radius:30px;||||backdrop-filter: blur(13.6px);||-webkit-backdrop-filter: blur(13.6px);||border: 1px solid rgba(255, 255, 255, 0.3);&#8221; global_colors_info=&#8221;{}&#8221;][dvppl_cf7_styler cf7=&#8221;9&#8243; form_background_color=&#8221;#FFFFFF&#8221; cr_custom_styles=&#8221;on&#8221; cr_size=&#8221;14px&#8221; _builder_version=&#8221;4.27.4&#8243; _module_preset=&#8221;default&#8221; form_field_font_font=&#8221;Manrope||||||||&#8221; labels_font=&#8221;Manrope|600||on|||||&#8221; labels_text_color=&#8221;#FFFFFF&#8221; labels_font_size=&#8221;1rem&#8221; custom_submit_button=&#8221;on&#8221; submit_button_text_color=&#8221;#FFFFFF&#8221; submit_button_bg_color=&#8221;#5C5C5B&#8221; submit_button_border_width=&#8221;0px&#8221; submit_button_border_radius=&#8221;30px&#8221; submit_button_font=&#8221;Manrope|600||on|||||&#8221; submit_button_custom_padding=&#8221;10px|20px|10px|20px|true|true&#8221; border_radii_field=&#8221;on|30px|30px|30px|30px&#8221; global_colors_info=&#8221;{}&#8221;][\/dvppl_cf7_styler][\/et_pb_column][\/et_pb_row][\/et_pb_section]<\/p>\n","protected":false},"excerpt":{"rendered":"<p><div class=\"et_pb_module dipi_breadcrumbs dipi_breadcrumbs_0 et_animated\">\n\t\t\t\t\n\t\t\t\t\n\t\t\t\t\n\t\t\t\t\n\t\t\t\t\n\t\t\t\t\n\t\t\t\t<div class=\"et_pb_module_inner\">\n\t\t\t\t\t<div class=\"dipi-breadcrumbs dipi-bc-left\">\n                <ul itemscope itemtype=\"https:\/\/schema.org\/BreadcrumbList\">\n                    \n                                                        <li itemprop=\"itemListElement\" itemscope itemtype=\"https:\/\/schema.org\/ListItem\" class=\"dipi-breadcrumb-item dipi-breadcrumb-home\">\n\n                        \n                            <a itemprop=\"item\" href=\"\/\">\n                                <span itemprop=\"name\" content=\"Home\">\n                                    <span class=\"et-pb-icon dipi-home-icon\"><\/span>                                    Home                                <\/span>\n                            <\/a>\n\n                                                <meta itemprop=\"position\" content=\"1\"\/>                    <\/li>\n\n                    <li class=\"dipi-breadcrumb-separator\">\n                    <span class=\"et-pb-icon dipi-separator-icon\">$<\/span>\n                <\/li>                            \n                <\/ul>\n            <\/div>\n\t\t\t\t<\/div>\n\t\t\t<\/div>Compatibilit\u00e0 e integrazione per un servizio sicuroIl sistema proposto da PSP srl compatibile con le principali soluzioni gi\u00e0 esistenti sul mercato. L\u2019obiettivo \u00e8 quello di facilitare l\u2019integrazione con gli impianti preesistenti [&hellip;]<\/p>\n","protected":false},"author":1,"featured_media":0,"parent":0,"menu_order":0,"comment_status":"closed","ping_status":"closed","template":"","meta":{"_et_pb_use_builder":"on","_et_pb_old_content":"<!-- wp:divi\/placeholder \/-->","_et_gb_content_width":"","footnotes":""},"dipi_cpt_category":[],"class_list":["post-1062","page","type-page","status-publish","hentry"],"yoast_head":"<!-- This site is optimized with the Yoast SEO plugin v26.4 - https:\/\/yoast.com\/wordpress\/plugins\/seo\/ -->\n<title>Compatibilit\u00e0 - PSP SRL<\/title>\n<meta name=\"robots\" content=\"noindex, follow, max-snippet:-1, max-image-preview:large, max-video-preview:-1\" \/>\n<meta property=\"og:locale\" content=\"en_US\" \/>\n<meta property=\"og:type\" content=\"article\" \/>\n<meta property=\"og:title\" content=\"Compatibilit\u00e0 - PSP SRL\" \/>\n<meta property=\"og:description\" content=\"Compatibilit\u00e0 e integrazione per un servizio sicuroIl sistema proposto da PSP srl compatibile con le principali soluzioni gi\u00e0 esistenti sul mercato. L\u2019obiettivo \u00e8 quello di facilitare l\u2019integrazione con gli impianti preesistenti [&hellip;]\" \/>\n<meta property=\"og:url\" content=\"https:\/\/psp-srl.sviluppokeyweb.com\/en\/compatibilita\/\" \/>\n<meta property=\"og:site_name\" content=\"PSP SRL\" \/>\n<meta property=\"article:modified_time\" content=\"2026-02-03T13:11:14+00:00\" \/>\n<meta name=\"twitter:card\" content=\"summary_large_image\" \/>\n<meta name=\"twitter:label1\" content=\"Est. reading time\" \/>\n\t<meta name=\"twitter:data1\" content=\"9 minutes\" \/>\n<script type=\"application\/ld+json\" class=\"yoast-schema-graph\">{\"@context\":\"https:\/\/schema.org\",\"@graph\":[{\"@type\":\"WebPage\",\"@id\":\"https:\/\/psp-srl.sviluppokeyweb.com\/en\/compatibilita\/\",\"url\":\"https:\/\/psp-srl.sviluppokeyweb.com\/en\/compatibilita\/\",\"name\":\"Compatibilit\u00e0 - PSP SRL\",\"isPartOf\":{\"@id\":\"https:\/\/psp-srl.sviluppokeyweb.com\/en\/#website\"},\"datePublished\":\"2025-03-25T14:56:39+00:00\",\"dateModified\":\"2026-02-03T13:11:14+00:00\",\"breadcrumb\":{\"@id\":\"https:\/\/psp-srl.sviluppokeyweb.com\/en\/compatibilita\/#breadcrumb\"},\"inLanguage\":\"en-US\",\"potentialAction\":[{\"@type\":\"ReadAction\",\"target\":[\"https:\/\/psp-srl.sviluppokeyweb.com\/en\/compatibilita\/\"]}]},{\"@type\":\"BreadcrumbList\",\"@id\":\"https:\/\/psp-srl.sviluppokeyweb.com\/en\/compatibilita\/#breadcrumb\",\"itemListElement\":[{\"@type\":\"ListItem\",\"position\":1,\"name\":\"Home\",\"item\":\"https:\/\/psp-srl.sviluppokeyweb.com\/en\/\"},{\"@type\":\"ListItem\",\"position\":2,\"name\":\"Compatibilit\u00e0\"}]},{\"@type\":\"WebSite\",\"@id\":\"https:\/\/psp-srl.sviluppokeyweb.com\/en\/#website\",\"url\":\"https:\/\/psp-srl.sviluppokeyweb.com\/en\/\",\"name\":\"PSP SRL\",\"description\":\"\",\"potentialAction\":[{\"@type\":\"SearchAction\",\"target\":{\"@type\":\"EntryPoint\",\"urlTemplate\":\"https:\/\/psp-srl.sviluppokeyweb.com\/en\/?s={search_term_string}\"},\"query-input\":{\"@type\":\"PropertyValueSpecification\",\"valueRequired\":true,\"valueName\":\"search_term_string\"}}],\"inLanguage\":\"en-US\"}]}<\/script>\n<!-- \/ Yoast SEO plugin. -->","yoast_head_json":{"title":"Compatibilit\u00e0 - PSP SRL","robots":{"index":"noindex","follow":"follow","max-snippet":"max-snippet:-1","max-image-preview":"max-image-preview:large","max-video-preview":"max-video-preview:-1"},"og_locale":"en_US","og_type":"article","og_title":"Compatibilit\u00e0 - PSP SRL","og_description":"Compatibilit\u00e0 e integrazione per un servizio sicuroIl sistema proposto da PSP srl compatibile con le principali soluzioni gi\u00e0 esistenti sul mercato. L\u2019obiettivo \u00e8 quello di facilitare l\u2019integrazione con gli impianti preesistenti [&hellip;]","og_url":"https:\/\/psp-srl.sviluppokeyweb.com\/en\/compatibilita\/","og_site_name":"PSP SRL","article_modified_time":"2026-02-03T13:11:14+00:00","twitter_card":"summary_large_image","twitter_misc":{"Est. reading time":"9 minutes"},"schema":{"@context":"https:\/\/schema.org","@graph":[{"@type":"WebPage","@id":"https:\/\/psp-srl.sviluppokeyweb.com\/en\/compatibilita\/","url":"https:\/\/psp-srl.sviluppokeyweb.com\/en\/compatibilita\/","name":"Compatibilit\u00e0 - PSP SRL","isPartOf":{"@id":"https:\/\/psp-srl.sviluppokeyweb.com\/en\/#website"},"datePublished":"2025-03-25T14:56:39+00:00","dateModified":"2026-02-03T13:11:14+00:00","breadcrumb":{"@id":"https:\/\/psp-srl.sviluppokeyweb.com\/en\/compatibilita\/#breadcrumb"},"inLanguage":"en-US","potentialAction":[{"@type":"ReadAction","target":["https:\/\/psp-srl.sviluppokeyweb.com\/en\/compatibilita\/"]}]},{"@type":"BreadcrumbList","@id":"https:\/\/psp-srl.sviluppokeyweb.com\/en\/compatibilita\/#breadcrumb","itemListElement":[{"@type":"ListItem","position":1,"name":"Home","item":"https:\/\/psp-srl.sviluppokeyweb.com\/en\/"},{"@type":"ListItem","position":2,"name":"Compatibilit\u00e0"}]},{"@type":"WebSite","@id":"https:\/\/psp-srl.sviluppokeyweb.com\/en\/#website","url":"https:\/\/psp-srl.sviluppokeyweb.com\/en\/","name":"PSP SRL","description":"","potentialAction":[{"@type":"SearchAction","target":{"@type":"EntryPoint","urlTemplate":"https:\/\/psp-srl.sviluppokeyweb.com\/en\/?s={search_term_string}"},"query-input":{"@type":"PropertyValueSpecification","valueRequired":true,"valueName":"search_term_string"}}],"inLanguage":"en-US"}]}},"_links":{"self":[{"href":"https:\/\/psp-srl.sviluppokeyweb.com\/en\/wp-json\/wp\/v2\/pages\/1062","targetHints":{"allow":["GET"]}}],"collection":[{"href":"https:\/\/psp-srl.sviluppokeyweb.com\/en\/wp-json\/wp\/v2\/pages"}],"about":[{"href":"https:\/\/psp-srl.sviluppokeyweb.com\/en\/wp-json\/wp\/v2\/types\/page"}],"author":[{"embeddable":true,"href":"https:\/\/psp-srl.sviluppokeyweb.com\/en\/wp-json\/wp\/v2\/users\/1"}],"replies":[{"embeddable":true,"href":"https:\/\/psp-srl.sviluppokeyweb.com\/en\/wp-json\/wp\/v2\/comments?post=1062"}],"version-history":[{"count":1,"href":"https:\/\/psp-srl.sviluppokeyweb.com\/en\/wp-json\/wp\/v2\/pages\/1062\/revisions"}],"predecessor-version":[{"id":1080,"href":"https:\/\/psp-srl.sviluppokeyweb.com\/en\/wp-json\/wp\/v2\/pages\/1062\/revisions\/1080"}],"wp:attachment":[{"href":"https:\/\/psp-srl.sviluppokeyweb.com\/en\/wp-json\/wp\/v2\/media?parent=1062"}],"wp:term":[{"taxonomy":"dipi_cpt_category","embeddable":true,"href":"https:\/\/psp-srl.sviluppokeyweb.com\/en\/wp-json\/wp\/v2\/dipi_cpt_category?post=1062"}],"curies":[{"name":"wp","href":"https:\/\/api.w.org\/{rel}","templated":true}]}}